{"id":5618,"date":"2025-01-31T03:21:02","date_gmt":"2025-01-31T03:21:02","guid":{"rendered":"https:\/\/www.radiustheme.com\/demo\/wordpress\/themes\/sportfy\/?page_id=14"},"modified":"2025-12-16T02:46:58","modified_gmt":"2025-12-16T02:46:58","slug":"home-01","status":"publish","type":"page","link":"https:\/\/canchitadev.com\/","title":{"rendered":"Home 01"},"content":{"rendered":"\t\t<div data-elementor-type=\"wp-page\" data-elementor-id=\"5618\" class=\"elementor elementor-5618\">\n\t\t\t\t<div class=\"elementor-element elementor-element-12a5cbc e-flex e-con-boxed rt-parallax-bg-no e-con e-parent\" data-id=\"12a5cbc\" data-element_type=\"container\">\n\t\t\t\t\t<div class=\"e-con-inner\">\n\t\t\t\t<div class=\"elementor-element elementor-element-0dffae2 elementor-widget elementor-widget-html\" data-id=\"0dffae2\" data-element_type=\"widget\" data-widget_type=\"html.default\">\n\t\t\t\t<div class=\"elementor-widget-container\">\n\t\t\t\t\t<script src=\"https:\/\/cdn.tailwindcss.com?plugins=forms,typography\"><\/script>\r\n<link href=\"https:\/\/fonts.googleapis.com\/css2?family=Saira:wght@300;400;500;600;700;800;900&amp;display=swap\" rel=\"stylesheet\"\/>\r\n<link href=\"https:\/\/fonts.googleapis.com\/icon?family=Material+Icons+Outlined\" rel=\"stylesheet\"\/>\r\n<script>\r\n      tailwind.config = {\r\n        darkMode: \"class\",\r\n        theme: {\r\n          extend: {\r\n            colors: {\r\n              primary: \"#9EF01A\",\r\n              \"primary-dark\": \"#7dbd15\",\r\n              \"background-light\": \"#FFFFFF\",\r\n              \"background-dark\": \"#0A0A0A\",\r\n              \"surface-light\": \"#F3F4F6\",\r\n              \"surface-dark\": \"#171717\",\r\n            },\r\n            fontFamily: {\r\n              display: [\"Saira\", \"sans-serif\"],\r\n              body: [\"Saira\", \"sans-serif\"],\r\n            },\r\n            borderRadius: {\r\n              DEFAULT: \"0.25rem\",\r\n              'lg': '0.5rem',\r\n              'xl': '1rem',\r\n              '2xl': '1.5rem',\r\n            },\r\n          },\r\n        },\r\n      };\r\n    <\/script>\t\t\t\t<\/div>\n\t\t\t\t<\/div>\n\t\t\t\t\t<\/div>\n\t\t\t\t<\/div>\n\t\t<div class=\"elementor-element elementor-element-45fbc30 e-flex e-con-boxed rt-parallax-bg-no e-con e-parent\" data-id=\"45fbc30\" data-element_type=\"container\">\n\t\t\t\t\t<div class=\"e-con-inner\">\n\t\t\t\t<div class=\"elementor-element elementor-element-de993c6 elementor-widget elementor-widget-html\" data-id=\"de993c6\" data-element_type=\"widget\" data-widget_type=\"html.default\">\n\t\t\t\t<div class=\"elementor-widget-container\">\n\t\t\t\t\t<div\r\n        class=\"max-w-7xl mx-auto px-4 sm:px-6 lg:px-8 pt-16 pb-24 lg:pt-20 lg:pb-10 relative z-10\"\r\n      >\r\n        <div class=\"grid grid-cols-1 lg:grid-cols-2 gap-12 items-center\">\r\n          <div class=\"space-y-8\">\r\n            <h1\r\n              class=\"text-5xl lg:text-6xl font-black leading-tight tracking-tighter text-gray-900 dark:text-white\"\r\n            >\r\n              PARTNER <br \/>\r\n              TECNOL\u00d3GICO <br \/>\r\n              DE\r\n              <span class=\"relative inline-block\">\r\n                NEGOCIOS\r\n                <span\r\n                  class=\"absolute bottom-2 left-0 w-full h-3 bg-primary -z-10 opacity-80\"\r\n                ><\/span>\r\n              <\/span>\r\n              <br \/>\r\n              DEPORTIVOS\r\n            <\/h1>\r\n            <ul class=\"space-y-4 pt-4\">\r\n              <li class=\"flex items-center space-x-3\">\r\n                <div\r\n                  class=\"flex-shrink-0 w-6 h-6 rounded-full bg-primary flex items-center justify-center\"\r\n                >\r\n                  <span\r\n                    class=\"material-icons-outlined text-black text-sm font-bold\"\r\n                    >check<\/span\r\n                  >\r\n                <\/div>\r\n                <span\r\n                  class=\"text-lg text-gray-700 dark:text-gray-300 font-medium\"\r\n                  >Soluciones a tu medida<\/span\r\n                >\r\n              <\/li>\r\n              <li class=\"flex items-center space-x-3\">\r\n                <div\r\n                  class=\"flex-shrink-0 w-6 h-6 rounded-full bg-primary flex items-center justify-center\"\r\n                >\r\n                  <span\r\n                    class=\"material-icons-outlined text-black text-sm font-bold\"\r\n                    >check<\/span\r\n                  >\r\n                <\/div>\r\n                <span\r\n                  class=\"text-lg text-gray-700 dark:text-gray-300 font-medium\"\r\n                  >Adaptamos la soluciones a tu negocio<\/span\r\n                >\r\n              <\/li>\r\n              <li class=\"flex items-center space-x-3\">\r\n                <div\r\n                  class=\"flex-shrink-0 w-6 h-6 rounded-full bg-primary flex items-center justify-center\"\r\n                >\r\n                  <span\r\n                    class=\"material-icons-outlined text-black text-sm font-bold\"\r\n                    >check<\/span\r\n                  >\r\n                <\/div>\r\n                <span\r\n                  class=\"text-lg text-gray-700 dark:text-gray-300 font-medium\"\r\n                  >Gesti\u00f3n inteligente y automatizada<\/span\r\n                >\r\n              <\/li>\r\n            <\/ul>\r\n            <div class=\"pt-8\">\r\n              <a\r\n                class=\"inline-flex items-center px-8 py-4 border border-transparent text-base font-bold rounded-none text-black bg-primary hover:bg-primary-dark transition-colors uppercase tracking-wider\"\r\n                href=\"#services\"\r\n              >\r\n                Explorar Servicios\r\n                <span class=\"material-icons-outlined ml-2\">arrow_forward<\/span>\r\n              <\/a>\r\n            <\/div>\r\n          <\/div>\r\n          <div class=\"relative\">\r\n            <div class=\"relative z-10 ml-auto w-full max-w-lg\">\r\n              <div class=\"relative\">\r\n                <div\r\n                  class=\"absolute -left-12 top-1\/2 transform -translate-y-1\/2 w-48 h-48 bg-primary clip-hexagon flex items-center justify-center z-20 shadow-xl\"\r\n                >\r\n                  <span class=\"material-icons-outlined text-6xl text-black\"\r\n                    >code<\/span\r\n                  >\r\n                <\/div>\r\n                <div class=\"relative overflow-hidden rounded-lg shadow-2xl\">\r\n                  <div\r\n                    class=\"absolute inset-0 bg-gradient-to-tr from-black\/40 to-transparent z-10\"\r\n                  ><\/div>\r\n                  <img decoding=\"async\"\r\n                    alt=\"Deportista enfocado\"\r\n                    class=\"w-full h-auto object-cover transform hover:scale-105 transition-transform duration-700\"\r\n                    src=\"https:\/\/canchitadev.com\/wp-content\/uploads\/2025\/11\/banner-main.jpg\"\r\n                  \/>\r\n                <\/div>\r\n                <div\r\n                  class=\"absolute -bottom-10 -left-10 w-24 h-24 grid grid-cols-6 gap-2 opacity-30 z-0\"\r\n                >\r\n                  <div\r\n                    class=\"w-1 h-1 bg-gray-800 dark:bg-gray-400 rounded-full\"\r\n                  ><\/div>\r\n                <\/div>\r\n              <\/div>\r\n            <\/div>\r\n          <\/div>\r\n        <\/div>\r\n      <\/div>\t\t\t\t<\/div>\n\t\t\t\t<\/div>\n\t\t\t\t\t<\/div>\n\t\t\t\t<\/div>\n\t\t<div class=\"elementor-element elementor-element-8187199 e-con-full e-flex rt-parallax-bg-no e-con e-parent\" data-id=\"8187199\" data-element_type=\"container\">\n\t\t<div class=\"elementor-element elementor-element-561e6a5 e-con-full e-flex rt-parallax-bg-no e-con e-child\" data-id=\"561e6a5\" data-element_type=\"container\">\n\t\t\t\t<div class=\"elementor-element elementor-element-2fcac9f elementor-invisible elementor-widget elementor-widget-rt-marquee\" data-id=\"2fcac9f\" data-element_type=\"widget\" data-widget_type=\"rt-marquee.default\">\n\t\t\t\t<div class=\"elementor-widget-container\">\n\t\t\t\t\t<div class=\"rt-marquee-slider\">\r\n    <div class=\"rt-marquee marquee-left\">\r\n        <div class=\"rt-marquee-item\">\r\n\t                    <h3 class=\"entry-title  wow-off fadeInUp\" data-per=\"Sistemas de reservas\" data-wow-delay=\"200ms\" data-wow-duration=\"1200ms\">\r\n\t        Sistemas de reservas                            <span class=\"icon-holder spin\">\r\n\t\t\t                        <\/span>\r\n\t                    <\/h3>\r\n\t\t                <h3 class=\"entry-title  wow-off fadeInUp\" data-per=\"Gesti\u00f3n de Gym\" data-wow-delay=\"400ms\" data-wow-duration=\"1200ms\">\r\n\t        Gesti\u00f3n de Gym                            <span class=\"icon-holder spin\">\r\n\t\t\t                        <\/span>\r\n\t                    <\/h3>\r\n\t\t                <h3 class=\"entry-title  wow-off fadeInUp\" data-per=\"Tienda en linea\" data-wow-delay=\"600ms\" data-wow-duration=\"1200ms\">\r\n\t        Tienda en linea                            <span class=\"icon-holder spin\">\r\n\t\t\t                        <\/span>\r\n\t                    <\/h3>\r\n\t\t                <h3 class=\"entry-title  wow-off fadeInUp\" data-per=\"Gesti\u00f3n de campeonatos\" data-wow-delay=\"800ms\" data-wow-duration=\"1200ms\">\r\n\t        Gesti\u00f3n de campeonatos                            <span class=\"icon-holder spin\">\r\n\t\t\t                        <\/span>\r\n\t                    <\/h3>\r\n\t\t                <h3 class=\"entry-title  wow-off fadeInUp\" data-per=\"Automatizaciones\" data-wow-delay=\"1000ms\" data-wow-duration=\"1200ms\">\r\n\t        Automatizaciones                            <span class=\"icon-holder spin\">\r\n\t\t\t                        <\/span>\r\n\t                    <\/h3>\r\n\t\t            <\/div>\r\n        <div class=\"rt-marquee-item\">\r\n                        <h3 class=\"entry-title  wow-off fadeInUp\" data-per=\"Sistemas de reservas\" data-wow-delay=\"200ms\" data-wow-duration=\"1200ms\">\r\n\t        Sistemas de reservas\t                        <span class=\"icon-holder spin\">\r\n\t\t\t                        <\/span>\r\n\t                    <\/h3>\r\n                        <h3 class=\"entry-title  wow-off fadeInUp\" data-per=\"Gesti\u00f3n de Gym\" data-wow-delay=\"400ms\" data-wow-duration=\"1200ms\">\r\n\t        Gesti\u00f3n de Gym\t                        <span class=\"icon-holder spin\">\r\n\t\t\t                        <\/span>\r\n\t                    <\/h3>\r\n                        <h3 class=\"entry-title  wow-off fadeInUp\" data-per=\"Tienda en linea\" data-wow-delay=\"600ms\" data-wow-duration=\"1200ms\">\r\n\t        Tienda en linea\t                        <span class=\"icon-holder spin\">\r\n\t\t\t                        <\/span>\r\n\t                    <\/h3>\r\n                        <h3 class=\"entry-title  wow-off fadeInUp\" data-per=\"Gesti\u00f3n de campeonatos\" data-wow-delay=\"800ms\" data-wow-duration=\"1200ms\">\r\n\t        Gesti\u00f3n de campeonatos\t                        <span class=\"icon-holder spin\">\r\n\t\t\t                        <\/span>\r\n\t                    <\/h3>\r\n                        <h3 class=\"entry-title  wow-off fadeInUp\" data-per=\"Automatizaciones\" data-wow-delay=\"1000ms\" data-wow-duration=\"1200ms\">\r\n\t        Automatizaciones\t                        <span class=\"icon-holder spin\">\r\n\t\t\t                        <\/span>\r\n\t                    <\/h3>\r\n                    <\/div>\r\n    <\/div>\r\n<\/div>\t\t\t\t<\/div>\n\t\t\t\t<\/div>\n\t\t\t\t<\/div>\n\t\t\t\t<\/div>\n\t\t<div class=\"elementor-element elementor-element-aafa711 e-con-full e-flex rt-parallax-bg-no e-con e-parent\" data-id=\"aafa711\" data-element_type=\"container\">\n\t\t\t\t<div class=\"elementor-element elementor-element-c83cb56 elementor-widget elementor-widget-html\" data-id=\"c83cb56\" data-element_type=\"widget\" data-widget_type=\"html.default\">\n\t\t\t\t<div class=\"elementor-widget-container\">\n\t\t\t\t\t<section class=\"py-24 bg-surface-light dark:bg-surface-dark relative\" id=\"services\">\r\n<div class=\"max-w-7xl mx-auto px-4 sm:px-6 lg:px-8\">\r\n<div class=\"text-center max-w-3xl mx-auto mb-16\">\r\n<span class=\"text-sm font-bold tracking-[0.2em] text-gray-500 dark:text-gray-400 uppercase mb-2 block\">Nuestros Servicios<\/span>\r\n<h2 class=\"text-4xl md:text-5xl font-black uppercase text-gray-900 dark:text-white leading-tight\">\r\n                    Mejora tus <span class=\"relative z-10 px-2\">PROCESOS <span class=\"absolute bottom-2 left-0 w-full h-3 bg-primary -z-10\"><\/span><\/span> CON <br>NUESTROS SERVICIOS\r\n                <\/h2>\r\n<\/div>\r\n<div class=\"grid grid-cols-1 md:grid-cols-2 lg:grid-cols-4 gap-8\">\r\n<div class=\"bg-background-light dark:bg-background-dark p-8 rounded-xl shadow-lg hover:shadow-xl hover:-translate-y-2 transition-all duration-300 border-b-4 border-transparent hover:border-primary group\">\r\n<div class=\"mb-6 text-primary\">\r\n<span class=\"material-icons-outlined text-6xl group-hover:scale-110 transition-transform duration-300\">code<\/span>\r\n<\/div>\r\n<h3 class=\"text-xl font-bold uppercase mb-4 text-gray-900 dark:text-white\">Desarrollo a Medida<\/h3>\r\n<p class=\"text-gray-600 dark:text-gray-400 text-sm leading-relaxed\">\r\n                        Gestiona y agiliza operaciones a trav\u00e9s de m\u00faltiples ubicaciones, canales de ventas y empleados para mejorar la eficiencia.\r\n                    <\/p>\r\n<\/div>\r\n<div class=\"bg-background-light dark:bg-background-dark p-8 rounded-xl shadow-lg hover:shadow-xl hover:-translate-y-2 transition-all duration-300 border-b-4 border-transparent hover:border-primary group\">\r\n<div class=\"mb-6 text-primary\">\r\n<span class=\"material-icons-outlined text-6xl group-hover:scale-110 transition-transform duration-300\">smart_toy<\/span>\r\n<\/div>\r\n<h3 class=\"text-xl font-bold uppercase mb-4 text-gray-900 dark:text-white\">Automatizaciones<\/h3>\r\n<p class=\"text-gray-600 dark:text-gray-400 text-sm leading-relaxed\">\r\n                        Gestiona y agiliza operaciones a trav\u00e9s de m\u00faltiples ubicaciones, canales de ventas y empleados para mejorar la eficiencia.\r\n                    <\/p>\r\n<\/div>\r\n<div class=\"bg-background-light dark:bg-background-dark p-8 rounded-xl shadow-lg hover:shadow-xl hover:-translate-y-2 transition-all duration-300 border-b-4 border-transparent hover:border-primary group\">\r\n<div class=\"mb-6 text-primary\">\r\n<span class=\"material-icons-outlined text-6xl group-hover:scale-110 transition-transform duration-300\">storefront<\/span>\r\n<\/div>\r\n<h3 class=\"text-xl font-bold uppercase mb-4 text-gray-900 dark:text-white\">Tienda en Linea<\/h3>\r\n<p class=\"text-gray-600 dark:text-gray-400 text-sm leading-relaxed\">\r\n                        Gestiona y agiliza operaciones a trav\u00e9s de m\u00faltiples ubicaciones, canales de ventas y empleados para mejorar la eficiencia.\r\n                    <\/p>\r\n<\/div>\r\n<div class=\"bg-background-light dark:bg-background-dark p-8 rounded-xl shadow-lg hover:shadow-xl hover:-translate-y-2 transition-all duration-300 border-b-4 border-transparent hover:border-primary group\">\r\n<div class=\"mb-6 text-primary\">\r\n<span class=\"material-icons-outlined text-6xl group-hover:scale-110 transition-transform duration-300\">trending_up<\/span>\r\n<\/div>\r\n<h3 class=\"text-xl font-bold uppercase mb-4 text-gray-900 dark:text-white\">Gesti\u00f3n<\/h3>\r\n<p class=\"text-gray-600 dark:text-gray-400 text-sm leading-relaxed\">\r\n                        Gestiona y agiliza operaciones a trav\u00e9s de m\u00faltiples ubicaciones, canales de ventas y empleados para mejorar la eficiencia.\r\n                    <\/p>\r\n<\/div>\r\n<\/div>\r\n<\/div>\r\n<\/section>\t\t\t\t<\/div>\n\t\t\t\t<\/div>\n\t\t\t\t<\/div>\n\t\t<div class=\"elementor-element elementor-element-08018bd e-flex e-con-boxed rt-parallax-bg-no e-con e-parent\" data-id=\"08018bd\" data-element_type=\"container\">\n\t\t\t\t\t<div class=\"e-con-inner\">\n\t\t<div class=\"elementor-element elementor-element-fa9941e e-con-full e-flex rt-parallax-bg-no e-con e-child\" data-id=\"fa9941e\" data-element_type=\"container\">\n\t\t<div class=\"elementor-element elementor-element-4525840 e-con-full e-flex rt-parallax-bg-no e-con e-child\" data-id=\"4525840\" data-element_type=\"container\" data-settings=\"{&quot;background_background&quot;:&quot;classic&quot;}\">\n\t\t\t\t<div class=\"elementor-element elementor-element-53fd4fc elementor-absolute elementor-invisible elementor-widget elementor-widget-rt-image\" data-id=\"53fd4fc\" data-element_type=\"widget\" data-settings=\"{&quot;_position&quot;:&quot;absolute&quot;,&quot;_animation&quot;:&quot;slideInLeft&quot;}\" data-widget_type=\"rt-image.default\">\n\t\t\t\t<div class=\"elementor-widget-container\">\n\t\t\t\t\t\r\n<div class=\"rt-image-layout rt-image-layout-1 \">\r\n\r\n\t        <div class=\"rt-image image-size has-animation wow-off fadeInUp\" data-wow-delay=\"200ms\" data-wow-duration=\"1200ms\">\r\n            <div data-parallax='{\"y\" : , \"x\" : }'>\r\n\t            \t\t            <img fetchpriority=\"high\" decoding=\"async\" width=\"944\" height=\"914\" src=\"https:\/\/canchitadev.com\/wp-content\/uploads\/2025\/11\/basquet-canchitadev.png\" class=\"attachment-full size-full wp-post-image\" alt=\"\" srcset=\"https:\/\/canchitadev.com\/wp-content\/uploads\/2025\/11\/basquet-canchitadev.png 944w, https:\/\/canchitadev.com\/wp-content\/uploads\/2025\/11\/basquet-canchitadev-300x290.png 300w, https:\/\/canchitadev.com\/wp-content\/uploads\/2025\/11\/basquet-canchitadev-768x744.png 768w\" sizes=\"(max-width: 944px) 100vw, 944px\" \/>\t\t                        <\/div>\r\n        <\/div>\r\n    \r\n\r\n\t\r\n\t\r\n<\/div>\t\t\t\t<\/div>\n\t\t\t\t<\/div>\n\t\t\t\t<\/div>\n\t\t<div class=\"elementor-element elementor-element-43e1b76 e-con-full ele-black-bg e-flex rt-parallax-bg-no e-con e-child\" data-id=\"43e1b76\" data-element_type=\"container\" data-settings=\"{&quot;background_background&quot;:&quot;classic&quot;}\">\n\t\t\t\t<div class=\"elementor-element elementor-element-738d619 elementor-invisible elementor-widget elementor-widget-rt-special-offer\" data-id=\"738d619\" data-element_type=\"widget\" data-widget_type=\"rt-special-offer.default\">\n\t\t\t\t<div class=\"elementor-widget-container\">\n\t\t\t\t\t<div class=\"rt-special-offer\">\r\n            <div class=\"wow-off fadeInUp\" data-wow-delay=\"400ms\" data-wow-duration=\"1200ms\">\r\n            <h2 class=\"main-title title-stroke\" data-text=\"Gesti\u00f3n\">Gesti\u00f3n<\/h2>\r\n        <\/div>\r\n            <div class=\"description wow-off fadeInUp\" data-wow-delay=\"600ms\" data-wow-duration=\"1200ms\"><p>Desarrollo de sistemas para la gesti\u00f3n en el sector deportivo<\/p><\/div>\r\n    \r\n    \r\n<\/div>\t\t\t\t<\/div>\n\t\t\t\t<\/div>\n\t\t\t\t<\/div>\n\t\t\t\t<\/div>\n\t\t\t\t\t<\/div>\n\t\t\t\t<\/div>\n\t\t<div class=\"elementor-element elementor-element-599851e e-con-full e-flex rt-parallax-bg-no e-con e-parent\" data-id=\"599851e\" data-element_type=\"container\" data-settings=\"{&quot;background_background&quot;:&quot;classic&quot;}\">\n\t\t\t\t<div class=\"elementor-element elementor-element-44f7923 elementor-widget elementor-widget-html\" data-id=\"44f7923\" data-element_type=\"widget\" data-widget_type=\"html.default\">\n\t\t\t\t<div class=\"elementor-widget-container\">\n\t\t\t\t\t<section>\r\n\r\n      <div class=\"relative z-20 text-center px-4 max-w-4xl mx-auto mt-20\">\r\n        <span class=\"text-primary font-bold tracking-[0.2em] uppercase mb-4 block text-sm\">Trabajemos Juntos<\/span>\r\n        <h2 class=\"text-5xl md:text-7xl font-black text-white uppercase leading-none mb-8 drop-shadow-xl\">\r\n          Cont\u00e1ctanos y <br>\r\n          Hagamos Equipo\r\n        <\/h2>\r\n        <a class=\"inline-flex items-center px-8 py-4 bg-black border border-primary text-white font-bold uppercase tracking-widest hover:bg-primary hover:text-black transition-all duration-300 group\" href=\"https:\/\/api.whatsapp.com\/send?phone=593984003285&text=Quiero%20m\u00e1s%20informaci\u00f3n%20de%20tus%20servicios\">\r\n          <span class=\"mr-2\">Whatsapp<\/span>\r\n          <span class=\"h-px w-8 bg-primary group-hover:bg-black transition-colors\"><\/span>\r\n        <\/a>\r\n      <\/div>\r\n    <\/section>\t\t\t\t<\/div>\n\t\t\t\t<\/div>\n\t\t\t\t<div class=\"elementor-element elementor-element-419cfed elementor-widget elementor-widget-spacer\" data-id=\"419cfed\" data-element_type=\"widget\" data-widget_type=\"spacer.default\">\n\t\t\t\t<div class=\"elementor-widget-container\">\n\t\t\t\t\t\t\t<div class=\"elementor-spacer\">\n\t\t\t<div class=\"elementor-spacer-inner\"><\/div>\n\t\t<\/div>\n\t\t\t\t\t\t<\/div>\n\t\t\t\t<\/div>\n\t\t\t\t<\/div>\n\t\t\t\t<\/div>\n\t\t","protected":false},"excerpt":{"rendered":"<p>PARTNER TECNOL\u00d3GICO DE NEGOCIOS DEPORTIVOS check Soluciones a tu medida check Adaptamos la soluciones a tu negocio check Gesti\u00f3n inteligente y automatizada Explorar Servicios arrow_forward code Sistemas de reservas Gesti\u00f3n de Gym Tienda en linea Gesti\u00f3n de campeonatos Automatizaciones Sistemas de reservas Gesti\u00f3n de Gym Tienda en linea Gesti\u00f3n de campeonatos Automatizaciones Nuestros Servicios Mejora [&hellip;]<\/p>\n","protected":false},"author":1,"featured_media":0,"parent":0,"menu_order":0,"comment_status":"closed","ping_status":"closed","template":"elementor_header_footer","meta":{"_monsterinsights_skip_tracking":false,"_monsterinsights_sitenote_active":false,"_monsterinsights_sitenote_note":"","_monsterinsights_sitenote_category":0,"footnotes":""},"class_list":["post-5618","page","type-page","status-publish","hentry"],"aioseo_notices":[],"_links":{"self":[{"href":"https:\/\/canchitadev.com\/index.php?rest_route=\/wp\/v2\/pages\/5618","targetHints":{"allow":["GET"]}}],"collection":[{"href":"https:\/\/canchitadev.com\/index.php?rest_route=\/wp\/v2\/pages"}],"about":[{"href":"https:\/\/canchitadev.com\/index.php?rest_route=\/wp\/v2\/types\/page"}],"author":[{"embeddable":true,"href":"https:\/\/canchitadev.com\/index.php?rest_route=\/wp\/v2\/users\/1"}],"replies":[{"embeddable":true,"href":"https:\/\/canchitadev.com\/index.php?rest_route=%2Fwp%2Fv2%2Fcomments&post=5618"}],"version-history":[{"count":102,"href":"https:\/\/canchitadev.com\/index.php?rest_route=\/wp\/v2\/pages\/5618\/revisions"}],"predecessor-version":[{"id":5772,"href":"https:\/\/canchitadev.com\/index.php?rest_route=\/wp\/v2\/pages\/5618\/revisions\/5772"}],"wp:attachment":[{"href":"https:\/\/canchitadev.com\/index.php?rest_route=%2Fwp%2Fv2%2Fmedia&parent=5618"}],"curies":[{"name":"wp","href":"https:\/\/api.w.org\/{rel}","templated":true}]}}